{"id":554,"date":"2023-05-25T12:01:12","date_gmt":"2023-05-25T10:01:12","guid":{"rendered":"https:\/\/www.adveco.it\/es\/?page_id=554"},"modified":"2026-02-19T12:38:55","modified_gmt":"2026-02-19T11:38:55","slug":"descargar-catalogos-y-fichas-tecnicas","status":"publish","type":"page","link":"https:\/\/www.adveco.com\/es\/descargar-catalogos-y-fichas-tecnicas\/","title":{"rendered":"Descargar"},"content":{"rendered":"","protected":false},"excerpt":{"rendered":"","protected":false},"author":1,"featured_media":0,"parent":0,"menu_order":0,"comment_status":"closed","ping_status":"closed","template":"template-download.php","meta":{"_acf_changed":false,"footnotes":""},"class_list":["post-554","page","type-page","status-publish","hentry"],"acf":[],"yoast_head":"<!-- This site is optimized with the Yoast SEO plugin v27.1.1 - https:\/\/yoast.com\/product\/yoast-seo-wordpress\/ -->\n<title>Descargar cat\u00e1logos y fichas t\u00e9cnicas | Adveco<\/title>\n<meta name=\"description\" content=\"Descargue cat\u00e1logos y fichas t\u00e9cnicas de los productos Adveco directamente desde nuestro sitio web. Toda la informaci\u00f3n que necesita.\" \/>\n<meta name=\"robots\" content=\"index, follow, max-snippet:-1, max-image-preview:large, max-video-preview:-1\" \/>\n<link rel=\"canonical\" href=\"https:\/\/www.adveco.com\/es\/descargar-catalogos-y-fichas-tecnicas\/\" \/>\n<meta property=\"og:locale\" content=\"es_ES\" \/>\n<meta property=\"og:type\" content=\"article\" \/>\n<meta property=\"og:title\" content=\"Descargar cat\u00e1logos y fichas t\u00e9cnicas | Adveco\" \/>\n<meta property=\"og:description\" content=\"Descargue cat\u00e1logos y fichas t\u00e9cnicas de los productos Adveco directamente desde nuestro sitio web. Toda la informaci\u00f3n que necesita.\" \/>\n<meta property=\"og:url\" content=\"https:\/\/www.adveco.com\/es\/descargar-catalogos-y-fichas-tecnicas\/\" \/>\n<meta property=\"og:site_name\" content=\"Adveco ES\" \/>\n<meta property=\"article:modified_time\" content=\"2026-02-19T11:38:55+00:00\" \/>\n<meta property=\"og:image\" content=\"https:\/\/www.adveco.com\/es\/wp-content\/uploads\/sites\/29\/nuovo-sito-minuteria-ferramenta-legno.jpg\" \/>\n\t<meta property=\"og:image:width\" content=\"1360\" \/>\n\t<meta property=\"og:image:height\" content=\"760\" \/>\n\t<meta property=\"og:image:type\" content=\"image\/jpeg\" \/>\n<meta name=\"twitter:card\" content=\"summary_large_image\" \/>\n<script type=\"application\/ld+json\" class=\"yoast-schema-graph\">{\"@context\":\"https:\/\/schema.org\",\"@graph\":[{\"@type\":\"WebPage\",\"@id\":\"https:\/\/www.adveco.com\/es\/descargar-catalogos-y-fichas-tecnicas\/\",\"url\":\"https:\/\/www.adveco.com\/es\/descargar-catalogos-y-fichas-tecnicas\/\",\"name\":\"Descargar cat\u00e1logos y fichas t\u00e9cnicas | Adveco\",\"isPartOf\":{\"@id\":\"https:\/\/www.adveco.com\/es\/#website\"},\"datePublished\":\"2023-05-25T10:01:12+00:00\",\"dateModified\":\"2026-02-19T11:38:55+00:00\",\"description\":\"Descargue cat\u00e1logos y fichas t\u00e9cnicas de los productos Adveco directamente desde nuestro sitio web. Toda la informaci\u00f3n que necesita.\",\"breadcrumb\":{\"@id\":\"https:\/\/www.adveco.com\/es\/descargar-catalogos-y-fichas-tecnicas\/#breadcrumb\"},\"inLanguage\":\"es\",\"potentialAction\":[{\"@type\":\"ReadAction\",\"target\":[\"https:\/\/www.adveco.com\/es\/descargar-catalogos-y-fichas-tecnicas\/\"]}]},{\"@type\":\"BreadcrumbList\",\"@id\":\"https:\/\/www.adveco.com\/es\/descargar-catalogos-y-fichas-tecnicas\/#breadcrumb\",\"itemListElement\":[{\"@type\":\"ListItem\",\"position\":1,\"name\":\"Home\",\"item\":\"https:\/\/www.adveco.com\/es\/\"},{\"@type\":\"ListItem\",\"position\":2,\"name\":\"Descargar\"}]},{\"@type\":\"WebSite\",\"@id\":\"https:\/\/www.adveco.com\/es\/#website\",\"url\":\"https:\/\/www.adveco.com\/es\/\",\"name\":\"Adveco ES\",\"description\":\"\",\"publisher\":{\"@id\":\"https:\/\/www.adveco.com\/es\/#organization\"},\"potentialAction\":[{\"@type\":\"SearchAction\",\"target\":{\"@type\":\"EntryPoint\",\"urlTemplate\":\"https:\/\/www.adveco.com\/es\/?s={search_term_string}\"},\"query-input\":{\"@type\":\"PropertyValueSpecification\",\"valueRequired\":true,\"valueName\":\"search_term_string\"}}],\"inLanguage\":\"es\"},{\"@type\":\"Organization\",\"@id\":\"https:\/\/www.adveco.com\/es\/#organization\",\"name\":\"Adveco\",\"url\":\"https:\/\/www.adveco.com\/es\/\",\"logo\":{\"@type\":\"ImageObject\",\"inLanguage\":\"es\",\"@id\":\"https:\/\/www.adveco.com\/es\/#\/schema\/logo\/image\/\",\"url\":\"https:\/\/www.adveco.com\/es\/wp-content\/uploads\/sites\/29\/logo-1.png\",\"contentUrl\":\"https:\/\/www.adveco.com\/es\/wp-content\/uploads\/sites\/29\/logo-1.png\",\"width\":671,\"height\":357,\"caption\":\"Adveco\"},\"image\":{\"@id\":\"https:\/\/www.adveco.com\/es\/#\/schema\/logo\/image\/\"}}]}<\/script>\n<!-- \/ Yoast SEO plugin. -->","yoast_head_json":{"title":"Descargar cat\u00e1logos y fichas t\u00e9cnicas | Adveco","description":"Descargue cat\u00e1logos y fichas t\u00e9cnicas de los productos Adveco directamente desde nuestro sitio web. Toda la informaci\u00f3n que necesita.","robots":{"index":"index","follow":"follow","max-snippet":"max-snippet:-1","max-image-preview":"max-image-preview:large","max-video-preview":"max-video-preview:-1"},"canonical":"https:\/\/www.adveco.com\/es\/descargar-catalogos-y-fichas-tecnicas\/","og_locale":"es_ES","og_type":"article","og_title":"Descargar cat\u00e1logos y fichas t\u00e9cnicas | Adveco","og_description":"Descargue cat\u00e1logos y fichas t\u00e9cnicas de los productos Adveco directamente desde nuestro sitio web. Toda la informaci\u00f3n que necesita.","og_url":"https:\/\/www.adveco.com\/es\/descargar-catalogos-y-fichas-tecnicas\/","og_site_name":"Adveco ES","article_modified_time":"2026-02-19T11:38:55+00:00","og_image":[{"width":1360,"height":760,"url":"https:\/\/www.adveco.com\/es\/wp-content\/uploads\/sites\/29\/nuovo-sito-minuteria-ferramenta-legno.jpg","type":"image\/jpeg"}],"twitter_card":"summary_large_image","schema":{"@context":"https:\/\/schema.org","@graph":[{"@type":"WebPage","@id":"https:\/\/www.adveco.com\/es\/descargar-catalogos-y-fichas-tecnicas\/","url":"https:\/\/www.adveco.com\/es\/descargar-catalogos-y-fichas-tecnicas\/","name":"Descargar cat\u00e1logos y fichas t\u00e9cnicas | Adveco","isPartOf":{"@id":"https:\/\/www.adveco.com\/es\/#website"},"datePublished":"2023-05-25T10:01:12+00:00","dateModified":"2026-02-19T11:38:55+00:00","description":"Descargue cat\u00e1logos y fichas t\u00e9cnicas de los productos Adveco directamente desde nuestro sitio web. Toda la informaci\u00f3n que necesita.","breadcrumb":{"@id":"https:\/\/www.adveco.com\/es\/descargar-catalogos-y-fichas-tecnicas\/#breadcrumb"},"inLanguage":"es","potentialAction":[{"@type":"ReadAction","target":["https:\/\/www.adveco.com\/es\/descargar-catalogos-y-fichas-tecnicas\/"]}]},{"@type":"BreadcrumbList","@id":"https:\/\/www.adveco.com\/es\/descargar-catalogos-y-fichas-tecnicas\/#breadcrumb","itemListElement":[{"@type":"ListItem","position":1,"name":"Home","item":"https:\/\/www.adveco.com\/es\/"},{"@type":"ListItem","position":2,"name":"Descargar"}]},{"@type":"WebSite","@id":"https:\/\/www.adveco.com\/es\/#website","url":"https:\/\/www.adveco.com\/es\/","name":"Adveco ES","description":"","publisher":{"@id":"https:\/\/www.adveco.com\/es\/#organization"},"potentialAction":[{"@type":"SearchAction","target":{"@type":"EntryPoint","urlTemplate":"https:\/\/www.adveco.com\/es\/?s={search_term_string}"},"query-input":{"@type":"PropertyValueSpecification","valueRequired":true,"valueName":"search_term_string"}}],"inLanguage":"es"},{"@type":"Organization","@id":"https:\/\/www.adveco.com\/es\/#organization","name":"Adveco","url":"https:\/\/www.adveco.com\/es\/","logo":{"@type":"ImageObject","inLanguage":"es","@id":"https:\/\/www.adveco.com\/es\/#\/schema\/logo\/image\/","url":"https:\/\/www.adveco.com\/es\/wp-content\/uploads\/sites\/29\/logo-1.png","contentUrl":"https:\/\/www.adveco.com\/es\/wp-content\/uploads\/sites\/29\/logo-1.png","width":671,"height":357,"caption":"Adveco"},"image":{"@id":"https:\/\/www.adveco.com\/es\/#\/schema\/logo\/image\/"}}]}},"_links":{"self":[{"href":"https:\/\/www.adveco.com\/es\/wp-json\/wp\/v2\/pages\/554","targetHints":{"allow":["GET"]}}],"collection":[{"href":"https:\/\/www.adveco.com\/es\/wp-json\/wp\/v2\/pages"}],"about":[{"href":"https:\/\/www.adveco.com\/es\/wp-json\/wp\/v2\/types\/page"}],"author":[{"embeddable":true,"href":"https:\/\/www.adveco.com\/es\/wp-json\/wp\/v2\/users\/1"}],"replies":[{"embeddable":true,"href":"https:\/\/www.adveco.com\/es\/wp-json\/wp\/v2\/comments?post=554"}],"version-history":[{"count":15,"href":"https:\/\/www.adveco.com\/es\/wp-json\/wp\/v2\/pages\/554\/revisions"}],"predecessor-version":[{"id":5855,"href":"https:\/\/www.adveco.com\/es\/wp-json\/wp\/v2\/pages\/554\/revisions\/5855"}],"wp:attachment":[{"href":"https:\/\/www.adveco.com\/es\/wp-json\/wp\/v2\/media?parent=554"}],"curies":[{"name":"wp","href":"https:\/\/api.w.org\/{rel}","templated":true}]}}