{"id":5,"date":"2023-04-27T14:41:06","date_gmt":"2023-04-27T12:41:06","guid":{"rendered":"https:\/\/www.adveco.it\/es\/contatti\/"},"modified":"2023-12-05T11:29:53","modified_gmt":"2023-12-05T10:29:53","slug":"contactos-ferreteria-online","status":"publish","type":"page","link":"https:\/\/www.adveco.com\/es\/contactos-ferreteria-online\/","title":{"rendered":"Contacto"},"content":{"rendered":"","protected":false},"excerpt":{"rendered":"","protected":false},"author":1,"featured_media":0,"parent":0,"menu_order":0,"comment_status":"closed","ping_status":"closed","template":"template-contatti.php","meta":{"_acf_changed":false,"footnotes":""},"class_list":["post-5","page","type-page","status-publish","hentry"],"acf":[],"yoast_head":"<!-- This site is optimized with the Yoast SEO plugin v27.4 - https:\/\/yoast.com\/product\/yoast-seo-wordpress\/ -->\n<title>Contactos ferreter\u00eda online | Adveco<\/title>\n<meta name=\"description\" content=\"P\u00f3ngase en contacto para cualquier informaci\u00f3n sobre nuestros productos de ferreter\u00eda. Adveco est\u00e1 a disposici\u00f3n para ofrecerle asistencia.\" \/>\n<meta name=\"robots\" content=\"index, follow, max-snippet:-1, max-image-preview:large, max-video-preview:-1\" \/>\n<link rel=\"canonical\" href=\"https:\/\/www.adveco.com\/es\/contactos-ferreteria-online\/\" \/>\n<meta property=\"og:locale\" content=\"es_ES\" \/>\n<meta property=\"og:type\" content=\"article\" \/>\n<meta property=\"og:title\" content=\"Contactos ferreter\u00eda online | Adveco\" \/>\n<meta property=\"og:description\" content=\"P\u00f3ngase en contacto para cualquier informaci\u00f3n sobre nuestros productos de ferreter\u00eda. Adveco est\u00e1 a disposici\u00f3n para ofrecerle asistencia.\" \/>\n<meta property=\"og:url\" content=\"https:\/\/www.adveco.com\/es\/contactos-ferreteria-online\/\" \/>\n<meta property=\"og:site_name\" content=\"Adveco ES\" \/>\n<meta property=\"article:modified_time\" content=\"2023-12-05T10:29:53+00:00\" \/>\n<meta property=\"og:image\" content=\"https:\/\/www.adveco.com\/es\/wp-content\/uploads\/sites\/29\/nuovo-sito-minuteria-ferramenta-legno.jpg\" \/>\n\t<meta property=\"og:image:width\" content=\"1360\" \/>\n\t<meta property=\"og:image:height\" content=\"760\" \/>\n\t<meta property=\"og:image:type\" content=\"image\/jpeg\" \/>\n<meta name=\"twitter:card\" content=\"summary_large_image\" \/>\n<script type=\"application\/ld+json\" class=\"yoast-schema-graph\">{\"@context\":\"https:\\\/\\\/schema.org\",\"@graph\":[{\"@type\":\"WebPage\",\"@id\":\"https:\\\/\\\/www.adveco.com\\\/es\\\/contactos-ferreteria-online\\\/\",\"url\":\"https:\\\/\\\/www.adveco.com\\\/es\\\/contactos-ferreteria-online\\\/\",\"name\":\"Contactos ferreter\u00eda online | Adveco\",\"isPartOf\":{\"@id\":\"https:\\\/\\\/www.adveco.com\\\/es\\\/#website\"},\"datePublished\":\"2023-04-27T12:41:06+00:00\",\"dateModified\":\"2023-12-05T10:29:53+00:00\",\"description\":\"P\u00f3ngase en contacto para cualquier informaci\u00f3n sobre nuestros productos de ferreter\u00eda. Adveco est\u00e1 a disposici\u00f3n para ofrecerle asistencia.\",\"breadcrumb\":{\"@id\":\"https:\\\/\\\/www.adveco.com\\\/es\\\/contactos-ferreteria-online\\\/#breadcrumb\"},\"inLanguage\":\"es\",\"potentialAction\":[{\"@type\":\"ReadAction\",\"target\":[\"https:\\\/\\\/www.adveco.com\\\/es\\\/contactos-ferreteria-online\\\/\"]}]},{\"@type\":\"BreadcrumbList\",\"@id\":\"https:\\\/\\\/www.adveco.com\\\/es\\\/contactos-ferreteria-online\\\/#breadcrumb\",\"itemListElement\":[{\"@type\":\"ListItem\",\"position\":1,\"name\":\"Home\",\"item\":\"https:\\\/\\\/www.adveco.com\\\/es\\\/\"},{\"@type\":\"ListItem\",\"position\":2,\"name\":\"Contacto\"}]},{\"@type\":\"WebSite\",\"@id\":\"https:\\\/\\\/www.adveco.com\\\/es\\\/#website\",\"url\":\"https:\\\/\\\/www.adveco.com\\\/es\\\/\",\"name\":\"Adveco ES\",\"description\":\"\",\"publisher\":{\"@id\":\"https:\\\/\\\/www.adveco.com\\\/es\\\/#organization\"},\"potentialAction\":[{\"@type\":\"SearchAction\",\"target\":{\"@type\":\"EntryPoint\",\"urlTemplate\":\"https:\\\/\\\/www.adveco.com\\\/es\\\/?s={search_term_string}\"},\"query-input\":{\"@type\":\"PropertyValueSpecification\",\"valueRequired\":true,\"valueName\":\"search_term_string\"}}],\"inLanguage\":\"es\"},{\"@type\":\"Organization\",\"@id\":\"https:\\\/\\\/www.adveco.com\\\/es\\\/#organization\",\"name\":\"Adveco\",\"url\":\"https:\\\/\\\/www.adveco.com\\\/es\\\/\",\"logo\":{\"@type\":\"ImageObject\",\"inLanguage\":\"es\",\"@id\":\"https:\\\/\\\/www.adveco.com\\\/es\\\/#\\\/schema\\\/logo\\\/image\\\/\",\"url\":\"https:\\\/\\\/www.adveco.com\\\/es\\\/wp-content\\\/uploads\\\/sites\\\/29\\\/logo-1.png\",\"contentUrl\":\"https:\\\/\\\/www.adveco.com\\\/es\\\/wp-content\\\/uploads\\\/sites\\\/29\\\/logo-1.png\",\"width\":671,\"height\":357,\"caption\":\"Adveco\"},\"image\":{\"@id\":\"https:\\\/\\\/www.adveco.com\\\/es\\\/#\\\/schema\\\/logo\\\/image\\\/\"}}]}<\/script>\n<!-- \/ Yoast SEO plugin. -->","yoast_head_json":{"title":"Contactos ferreter\u00eda online | Adveco","description":"P\u00f3ngase en contacto para cualquier informaci\u00f3n sobre nuestros productos de ferreter\u00eda. Adveco est\u00e1 a disposici\u00f3n para ofrecerle asistencia.","robots":{"index":"index","follow":"follow","max-snippet":"max-snippet:-1","max-image-preview":"max-image-preview:large","max-video-preview":"max-video-preview:-1"},"canonical":"https:\/\/www.adveco.com\/es\/contactos-ferreteria-online\/","og_locale":"es_ES","og_type":"article","og_title":"Contactos ferreter\u00eda online | Adveco","og_description":"P\u00f3ngase en contacto para cualquier informaci\u00f3n sobre nuestros productos de ferreter\u00eda. Adveco est\u00e1 a disposici\u00f3n para ofrecerle asistencia.","og_url":"https:\/\/www.adveco.com\/es\/contactos-ferreteria-online\/","og_site_name":"Adveco ES","article_modified_time":"2023-12-05T10:29:53+00:00","og_image":[{"width":1360,"height":760,"url":"https:\/\/www.adveco.com\/es\/wp-content\/uploads\/sites\/29\/nuovo-sito-minuteria-ferramenta-legno.jpg","type":"image\/jpeg"}],"twitter_card":"summary_large_image","schema":{"@context":"https:\/\/schema.org","@graph":[{"@type":"WebPage","@id":"https:\/\/www.adveco.com\/es\/contactos-ferreteria-online\/","url":"https:\/\/www.adveco.com\/es\/contactos-ferreteria-online\/","name":"Contactos ferreter\u00eda online | Adveco","isPartOf":{"@id":"https:\/\/www.adveco.com\/es\/#website"},"datePublished":"2023-04-27T12:41:06+00:00","dateModified":"2023-12-05T10:29:53+00:00","description":"P\u00f3ngase en contacto para cualquier informaci\u00f3n sobre nuestros productos de ferreter\u00eda. Adveco est\u00e1 a disposici\u00f3n para ofrecerle asistencia.","breadcrumb":{"@id":"https:\/\/www.adveco.com\/es\/contactos-ferreteria-online\/#breadcrumb"},"inLanguage":"es","potentialAction":[{"@type":"ReadAction","target":["https:\/\/www.adveco.com\/es\/contactos-ferreteria-online\/"]}]},{"@type":"BreadcrumbList","@id":"https:\/\/www.adveco.com\/es\/contactos-ferreteria-online\/#breadcrumb","itemListElement":[{"@type":"ListItem","position":1,"name":"Home","item":"https:\/\/www.adveco.com\/es\/"},{"@type":"ListItem","position":2,"name":"Contacto"}]},{"@type":"WebSite","@id":"https:\/\/www.adveco.com\/es\/#website","url":"https:\/\/www.adveco.com\/es\/","name":"Adveco ES","description":"","publisher":{"@id":"https:\/\/www.adveco.com\/es\/#organization"},"potentialAction":[{"@type":"SearchAction","target":{"@type":"EntryPoint","urlTemplate":"https:\/\/www.adveco.com\/es\/?s={search_term_string}"},"query-input":{"@type":"PropertyValueSpecification","valueRequired":true,"valueName":"search_term_string"}}],"inLanguage":"es"},{"@type":"Organization","@id":"https:\/\/www.adveco.com\/es\/#organization","name":"Adveco","url":"https:\/\/www.adveco.com\/es\/","logo":{"@type":"ImageObject","inLanguage":"es","@id":"https:\/\/www.adveco.com\/es\/#\/schema\/logo\/image\/","url":"https:\/\/www.adveco.com\/es\/wp-content\/uploads\/sites\/29\/logo-1.png","contentUrl":"https:\/\/www.adveco.com\/es\/wp-content\/uploads\/sites\/29\/logo-1.png","width":671,"height":357,"caption":"Adveco"},"image":{"@id":"https:\/\/www.adveco.com\/es\/#\/schema\/logo\/image\/"}}]}},"_links":{"self":[{"href":"https:\/\/www.adveco.com\/es\/wp-json\/wp\/v2\/pages\/5","targetHints":{"allow":["GET"]}}],"collection":[{"href":"https:\/\/www.adveco.com\/es\/wp-json\/wp\/v2\/pages"}],"about":[{"href":"https:\/\/www.adveco.com\/es\/wp-json\/wp\/v2\/types\/page"}],"author":[{"embeddable":true,"href":"https:\/\/www.adveco.com\/es\/wp-json\/wp\/v2\/users\/1"}],"replies":[{"embeddable":true,"href":"https:\/\/www.adveco.com\/es\/wp-json\/wp\/v2\/comments?post=5"}],"version-history":[{"count":10,"href":"https:\/\/www.adveco.com\/es\/wp-json\/wp\/v2\/pages\/5\/revisions"}],"predecessor-version":[{"id":4677,"href":"https:\/\/www.adveco.com\/es\/wp-json\/wp\/v2\/pages\/5\/revisions\/4677"}],"wp:attachment":[{"href":"https:\/\/www.adveco.com\/es\/wp-json\/wp\/v2\/media?parent=5"}],"curies":[{"name":"wp","href":"https:\/\/api.w.org\/{rel}","templated":true}]}}