{"id":19,"date":"2023-04-27T17:18:23","date_gmt":"2023-04-27T15:18:23","guid":{"rendered":"https:\/\/www.adveco.it\/es\/?page_id=19"},"modified":"2024-03-07T09:49:45","modified_gmt":"2024-03-07T08:49:45","slug":"fabricantes-de-herrajes-y-piezas-pequenas","status":"publish","type":"page","link":"https:\/\/www.adveco.com\/es\/fabricantes-de-herrajes-y-piezas-pequenas\/","title":{"rendered":"Qui\u00e9nes somos"},"content":{"rendered":"","protected":false},"excerpt":{"rendered":"","protected":false},"author":1,"featured_media":0,"parent":0,"menu_order":0,"comment_status":"closed","ping_status":"closed","template":"template-chi-siamo.php","meta":{"_acf_changed":false,"footnotes":""},"class_list":["post-19","page","type-page","status-publish","hentry"],"acf":[],"yoast_head":"<!-- This site is optimized with the Yoast SEO plugin v27.1.1 - https:\/\/yoast.com\/product\/yoast-seo-wordpress\/ -->\n<title>Fabricantes de herrajes y piezas peque\u00f1as | Adveco<\/title>\n<meta name=\"description\" content=\"Somos fabricantes de herrajes y peque\u00f1as piezas met\u00e1licas. Especialistas en herrajes, piezas peque\u00f1as y carpinter\u00eda.\" \/>\n<meta name=\"robots\" content=\"index, follow, max-snippet:-1, max-image-preview:large, max-video-preview:-1\" \/>\n<link rel=\"canonical\" href=\"https:\/\/www.adveco.com\/es\/fabricantes-de-herrajes-y-piezas-pequenas\/\" \/>\n<meta property=\"og:locale\" content=\"es_ES\" \/>\n<meta property=\"og:type\" content=\"article\" \/>\n<meta property=\"og:title\" content=\"Fabricantes de herrajes y piezas peque\u00f1as | Adveco\" \/>\n<meta property=\"og:description\" content=\"Somos fabricantes de herrajes y peque\u00f1as piezas met\u00e1licas. Especialistas en herrajes, piezas peque\u00f1as y carpinter\u00eda.\" \/>\n<meta property=\"og:url\" content=\"https:\/\/www.adveco.com\/es\/fabricantes-de-herrajes-y-piezas-pequenas\/\" \/>\n<meta property=\"og:site_name\" content=\"Adveco ES\" \/>\n<meta property=\"article:modified_time\" content=\"2024-03-07T08:49:45+00:00\" \/>\n<meta property=\"og:image\" content=\"https:\/\/www.adveco.com\/es\/wp-content\/uploads\/sites\/29\/nuovo-sito-minuteria-ferramenta-legno.jpg\" \/>\n\t<meta property=\"og:image:width\" content=\"1360\" \/>\n\t<meta property=\"og:image:height\" content=\"760\" \/>\n\t<meta property=\"og:image:type\" content=\"image\/jpeg\" \/>\n<meta name=\"twitter:card\" content=\"summary_large_image\" \/>\n<script type=\"application\/ld+json\" class=\"yoast-schema-graph\">{\"@context\":\"https:\/\/schema.org\",\"@graph\":[{\"@type\":\"WebPage\",\"@id\":\"https:\/\/www.adveco.com\/es\/fabricantes-de-herrajes-y-piezas-pequenas\/\",\"url\":\"https:\/\/www.adveco.com\/es\/fabricantes-de-herrajes-y-piezas-pequenas\/\",\"name\":\"Fabricantes de herrajes y piezas peque\u00f1as | Adveco\",\"isPartOf\":{\"@id\":\"https:\/\/www.adveco.com\/es\/#website\"},\"datePublished\":\"2023-04-27T15:18:23+00:00\",\"dateModified\":\"2024-03-07T08:49:45+00:00\",\"description\":\"Somos fabricantes de herrajes y peque\u00f1as piezas met\u00e1licas. Especialistas en herrajes, piezas peque\u00f1as y carpinter\u00eda.\",\"breadcrumb\":{\"@id\":\"https:\/\/www.adveco.com\/es\/fabricantes-de-herrajes-y-piezas-pequenas\/#breadcrumb\"},\"inLanguage\":\"es\",\"potentialAction\":[{\"@type\":\"ReadAction\",\"target\":[\"https:\/\/www.adveco.com\/es\/fabricantes-de-herrajes-y-piezas-pequenas\/\"]}]},{\"@type\":\"BreadcrumbList\",\"@id\":\"https:\/\/www.adveco.com\/es\/fabricantes-de-herrajes-y-piezas-pequenas\/#breadcrumb\",\"itemListElement\":[{\"@type\":\"ListItem\",\"position\":1,\"name\":\"Home\",\"item\":\"https:\/\/www.adveco.com\/es\/\"},{\"@type\":\"ListItem\",\"position\":2,\"name\":\"Qui\u00e9nes somos\"}]},{\"@type\":\"WebSite\",\"@id\":\"https:\/\/www.adveco.com\/es\/#website\",\"url\":\"https:\/\/www.adveco.com\/es\/\",\"name\":\"Adveco ES\",\"description\":\"\",\"publisher\":{\"@id\":\"https:\/\/www.adveco.com\/es\/#organization\"},\"potentialAction\":[{\"@type\":\"SearchAction\",\"target\":{\"@type\":\"EntryPoint\",\"urlTemplate\":\"https:\/\/www.adveco.com\/es\/?s={search_term_string}\"},\"query-input\":{\"@type\":\"PropertyValueSpecification\",\"valueRequired\":true,\"valueName\":\"search_term_string\"}}],\"inLanguage\":\"es\"},{\"@type\":\"Organization\",\"@id\":\"https:\/\/www.adveco.com\/es\/#organization\",\"name\":\"Adveco\",\"url\":\"https:\/\/www.adveco.com\/es\/\",\"logo\":{\"@type\":\"ImageObject\",\"inLanguage\":\"es\",\"@id\":\"https:\/\/www.adveco.com\/es\/#\/schema\/logo\/image\/\",\"url\":\"https:\/\/www.adveco.com\/es\/wp-content\/uploads\/sites\/29\/logo-1.png\",\"contentUrl\":\"https:\/\/www.adveco.com\/es\/wp-content\/uploads\/sites\/29\/logo-1.png\",\"width\":671,\"height\":357,\"caption\":\"Adveco\"},\"image\":{\"@id\":\"https:\/\/www.adveco.com\/es\/#\/schema\/logo\/image\/\"}}]}<\/script>\n<!-- \/ Yoast SEO plugin. -->","yoast_head_json":{"title":"Fabricantes de herrajes y piezas peque\u00f1as | Adveco","description":"Somos fabricantes de herrajes y peque\u00f1as piezas met\u00e1licas. Especialistas en herrajes, piezas peque\u00f1as y carpinter\u00eda.","robots":{"index":"index","follow":"follow","max-snippet":"max-snippet:-1","max-image-preview":"max-image-preview:large","max-video-preview":"max-video-preview:-1"},"canonical":"https:\/\/www.adveco.com\/es\/fabricantes-de-herrajes-y-piezas-pequenas\/","og_locale":"es_ES","og_type":"article","og_title":"Fabricantes de herrajes y piezas peque\u00f1as | Adveco","og_description":"Somos fabricantes de herrajes y peque\u00f1as piezas met\u00e1licas. Especialistas en herrajes, piezas peque\u00f1as y carpinter\u00eda.","og_url":"https:\/\/www.adveco.com\/es\/fabricantes-de-herrajes-y-piezas-pequenas\/","og_site_name":"Adveco ES","article_modified_time":"2024-03-07T08:49:45+00:00","og_image":[{"width":1360,"height":760,"url":"https:\/\/www.adveco.com\/es\/wp-content\/uploads\/sites\/29\/nuovo-sito-minuteria-ferramenta-legno.jpg","type":"image\/jpeg"}],"twitter_card":"summary_large_image","schema":{"@context":"https:\/\/schema.org","@graph":[{"@type":"WebPage","@id":"https:\/\/www.adveco.com\/es\/fabricantes-de-herrajes-y-piezas-pequenas\/","url":"https:\/\/www.adveco.com\/es\/fabricantes-de-herrajes-y-piezas-pequenas\/","name":"Fabricantes de herrajes y piezas peque\u00f1as | Adveco","isPartOf":{"@id":"https:\/\/www.adveco.com\/es\/#website"},"datePublished":"2023-04-27T15:18:23+00:00","dateModified":"2024-03-07T08:49:45+00:00","description":"Somos fabricantes de herrajes y peque\u00f1as piezas met\u00e1licas. Especialistas en herrajes, piezas peque\u00f1as y carpinter\u00eda.","breadcrumb":{"@id":"https:\/\/www.adveco.com\/es\/fabricantes-de-herrajes-y-piezas-pequenas\/#breadcrumb"},"inLanguage":"es","potentialAction":[{"@type":"ReadAction","target":["https:\/\/www.adveco.com\/es\/fabricantes-de-herrajes-y-piezas-pequenas\/"]}]},{"@type":"BreadcrumbList","@id":"https:\/\/www.adveco.com\/es\/fabricantes-de-herrajes-y-piezas-pequenas\/#breadcrumb","itemListElement":[{"@type":"ListItem","position":1,"name":"Home","item":"https:\/\/www.adveco.com\/es\/"},{"@type":"ListItem","position":2,"name":"Qui\u00e9nes somos"}]},{"@type":"WebSite","@id":"https:\/\/www.adveco.com\/es\/#website","url":"https:\/\/www.adveco.com\/es\/","name":"Adveco ES","description":"","publisher":{"@id":"https:\/\/www.adveco.com\/es\/#organization"},"potentialAction":[{"@type":"SearchAction","target":{"@type":"EntryPoint","urlTemplate":"https:\/\/www.adveco.com\/es\/?s={search_term_string}"},"query-input":{"@type":"PropertyValueSpecification","valueRequired":true,"valueName":"search_term_string"}}],"inLanguage":"es"},{"@type":"Organization","@id":"https:\/\/www.adveco.com\/es\/#organization","name":"Adveco","url":"https:\/\/www.adveco.com\/es\/","logo":{"@type":"ImageObject","inLanguage":"es","@id":"https:\/\/www.adveco.com\/es\/#\/schema\/logo\/image\/","url":"https:\/\/www.adveco.com\/es\/wp-content\/uploads\/sites\/29\/logo-1.png","contentUrl":"https:\/\/www.adveco.com\/es\/wp-content\/uploads\/sites\/29\/logo-1.png","width":671,"height":357,"caption":"Adveco"},"image":{"@id":"https:\/\/www.adveco.com\/es\/#\/schema\/logo\/image\/"}}]}},"_links":{"self":[{"href":"https:\/\/www.adveco.com\/es\/wp-json\/wp\/v2\/pages\/19","targetHints":{"allow":["GET"]}}],"collection":[{"href":"https:\/\/www.adveco.com\/es\/wp-json\/wp\/v2\/pages"}],"about":[{"href":"https:\/\/www.adveco.com\/es\/wp-json\/wp\/v2\/types\/page"}],"author":[{"embeddable":true,"href":"https:\/\/www.adveco.com\/es\/wp-json\/wp\/v2\/users\/1"}],"replies":[{"embeddable":true,"href":"https:\/\/www.adveco.com\/es\/wp-json\/wp\/v2\/comments?post=19"}],"version-history":[{"count":55,"href":"https:\/\/www.adveco.com\/es\/wp-json\/wp\/v2\/pages\/19\/revisions"}],"predecessor-version":[{"id":4926,"href":"https:\/\/www.adveco.com\/es\/wp-json\/wp\/v2\/pages\/19\/revisions\/4926"}],"wp:attachment":[{"href":"https:\/\/www.adveco.com\/es\/wp-json\/wp\/v2\/media?parent=19"}],"curies":[{"name":"wp","href":"https:\/\/api.w.org\/{rel}","templated":true}]}}